{"id":2,"date":"2016-07-04T12:39:46","date_gmt":"2016-07-04T04:39:46","guid":{"rendered":"http:\/\/nebuloschool.com\/?page_id=2"},"modified":"2025-07-15T11:44:16","modified_gmt":"2025-07-15T03:44:16","slug":"about","status":"publish","type":"page","link":"http:\/\/nebuloschool.com\/hu\/","title":{"rendered":"NEBUL\u00d3 Magyar Iskola"},"content":{"rendered":"<p>A Nebul\u00f3 Magyar Iskola 2013 augusztus\u00e1t\u00f3l m\u0171k\u00f6dik Perth-ben, Nyugat-Ausztr\u00e1li\u00e1ban. Iskol\u00e1nk fenntart\u00f3ja a HECC (Hungarian Educational and Cultural Centre) non-profit szervezet. &nbsp;Iskol\u00e1nk igazgat\u00f3ja Farkas \u00c1gnes, a HECC eln\u00f6ke N\u00e9meth Kata.<\/p>\n<p>C\u00e9lunk a magyar nyelv \u00e9s kult\u00fara tov\u00e1bbad\u00e1sa egy bar\u00e1ti k\u00f6z\u00f6ss\u00e9gen kereszt\u00fcl, ahol a sz\u00fcl\u0151k, tan\u00e1rok \u00e9s nebul\u00f3k k\u00f6z\u00f6sen alak\u00edtj\u00e1k az iskola arculat\u00e1t \u00e9s sz\u00ednvonal\u00e1t. Programjainkkal&nbsp; arra t\u00f6reksz\u00fcnk, hogy a tanul\u00f3knak \u00e9s a t\u00e1gabb k\u00f6z\u00f6ss\u00e9gnek sz\u00ednes, a vil\u00e1gra nyitott \u00e9rt\u00e9keket adjunk \u00e1t: sok j\u00e1t\u00e9kkal, j\u00f3\u00e9rz\u00e9ssel \u2013 hogy a feln\u00f6v\u0151 Nebul\u00f3k mindig eml\u00e9kezzenek az iskol\u00e1ban szerzett bar\u00e1taikra \u00e9s \u00e9lm\u00e9nyeikre. H\u00e9tv\u00e9gi k\u00f6z\u00f6ss\u00e9gi iskol\u00e1nk programj\u00e1nak r\u00e9sze k\u00e9zm\u0171ves foglalkoz\u00e1sok, sport, n\u00e9pt\u00e1nc, k\u00f6z\u00f6s f\u0151z\u00e9s \u00e9s kir\u00e1ndul\u00e1s is.&nbsp;<\/p>\n<p>B\u00fcszk\u00e9k vagyunk a tanul\u00f3inkra \u00e9s \u00f6r\u00fcl\u00fcnk annak, amikor \u00faj csal\u00e1d \u00e9rkezik a k\u00f6z\u00f6ss\u00e9g\u00fcnkbe.<\/p>\n<p><strong>Csoportok:<\/strong><\/p>\n<p>Iskol\u00e1nk 0-t\u00f3l 18 \u00e9ves korig k\u00edn\u00e1l lehet\u0151s\u00e9get a csatlakoz\u00e1sra.<\/p>\n<ul>\n<li>Nebul\u00f3cska 0-3 \u00e9ves korig (inform\u00e1ci\u00f3: <a href=\"http:\/\/nebuloschool.com\/hu\/mini-csoportunk\/\">http:\/\/nebuloschool.com\/hu\/mini-csoportunk\/<\/a>)<\/li>\n<li>\u00d3voda: 3-6 \u00e9ves korig<\/li>\n<li>Kezd\u0151 csoport a magyarul nem, vagy keveset besz\u00e9l\u0151k sz\u00e1m\u00e1ra<\/li>\n<li>Als\u00f3tagozat<\/li>\n<li>Fels\u0151tagozat (online)<\/li>\n<li>\u00c9retts\u00e9gire k\u00e9sz\u00fcl\u0151 csoport (online)<\/li>\n<\/ul>\n<p><em>Helysz\u00edn \u00e9s \u00f3r\u00e1k:<\/em><\/p>\n<p><b>Hungarian Association of WA 734 Beaufort Street, Mt. Lawley, WA 6050<\/b><\/p>\n<p>Foglalkoz\u00e1sok minden szombat d\u00e9lel\u0151tt 11:00-t\u00f3l 12:30-ig tartanank.<\/p>\n<p><a href=\"http:\/\/nebuloschool.com\/about\/student-safety-and-staff-welfare-policies-2\/\" rel=\"attachment wp-att-1083\">Student Safety and Staff Welfare Policies<\/a><\/p>\n<p><a href=\"https:\/\/ocg.nsw.gov.au\/sites\/default\/files\/2022-03\/G_CSS_Risk%20Management_Resourceprt1.pdf\">Risk Management Child Safety<\/a><\/p>\n\n\n<p><\/p>","protected":false},"excerpt":{"rendered":"<p>A Nebul\u00f3 Magyar Iskola 2013 augusztus\u00e1t\u00f3l m\u0171k\u00f6dik Perth-ben, Nyugat-Ausztr\u00e1li\u00e1ban. Iskol\u00e1nk fenntart\u00f3ja a HECC (Hungarian Educational and Cultural Centre) non-profit szervezet.&hellip; <a class=\"read-more\" href=\"http:\/\/nebuloschool.com\/hu\/\">Read more <span class=\"screen-reader-text\">NEBUL\u00d3 Magyar Iskola<\/span><\/a><\/p>\n","protected":false},"author":4,"featured_media":0,"parent":13,"menu_order":0,"comment_status":"closed","ping_status":"closed","template":"","meta":[],"_links":{"self":[{"href":"http:\/\/nebuloschool.com\/hu\/wp-json\/wp\/v2\/pages\/2"}],"collection":[{"href":"http:\/\/nebuloschool.com\/hu\/wp-json\/wp\/v2\/pages"}],"about":[{"href":"http:\/\/nebuloschool.com\/hu\/wp-json\/wp\/v2\/types\/page"}],"author":[{"embeddable":true,"href":"http:\/\/nebuloschool.com\/hu\/wp-json\/wp\/v2\/users\/4"}],"replies":[{"embeddable":true,"href":"http:\/\/nebuloschool.com\/hu\/wp-json\/wp\/v2\/comments?post=2"}],"version-history":[{"count":74,"href":"http:\/\/nebuloschool.com\/hu\/wp-json\/wp\/v2\/pages\/2\/revisions"}],"predecessor-version":[{"id":1599,"href":"http:\/\/nebuloschool.com\/hu\/wp-json\/wp\/v2\/pages\/2\/revisions\/1599"}],"up":[{"embeddable":true,"href":"http:\/\/nebuloschool.com\/hu\/wp-json\/wp\/v2\/pages\/13"}],"wp:attachment":[{"href":"http:\/\/nebuloschool.com\/hu\/wp-json\/wp\/v2\/media?parent=2"}],"curies":[{"name":"wp","href":"https:\/\/api.w.org\/{rel}","templated":true}]}}