{"id":19,"date":"2016-07-04T12:39:46","date_gmt":"2016-07-04T04:39:46","guid":{"rendered":"http:\/\/nebuloschool.com\/?page_id=19"},"modified":"2020-03-05T20:28:11","modified_gmt":"2020-03-05T12:28:11","slug":"contact","status":"publish","type":"page","link":"http:\/\/nebuloschool.com\/hu\/contact\/","title":{"rendered":"El\u00e9rhet\u0151s\u00e9g"},"content":{"rendered":"<p><\/p>\n<p style=\"text-align: center;\">E-mail c\u00edm\u00fcnk: nebulo@nebuloschool.com<\/p>\n<p style=\"text-align: center;\">Facebook:\u00a0<a href=\"https:\/\/www.facebook.com\/Nebul%C3%B3-335185376615951\/?fref=ts\">https:\/\/www.facebook.com\/Nebul%C3%B3-335185376615951\/?fref=ts<\/a><\/p>\n<p><a href=\"https:\/\/www.google.com\/maps\/place\/Our+Lady+of+Good+Counsel+School\/@-31.8808066,115.7778588,15z\/data=!4m5!3m4!1s0x0:0xbe6570c9abed1363!8m2!3d-31.8808066!4d115.7778588\">Map<\/a><\/p>","protected":false},"excerpt":{"rendered":"<p>E-mail c\u00edm\u00fcnk: nebulo@nebuloschool.com Facebook:\u00a0https:\/\/www.facebook.com\/Nebul%C3%B3-335185376615951\/?fref=ts Map<\/p>\n","protected":false},"author":1,"featured_media":0,"parent":0,"menu_order":0,"comment_status":"closed","ping_status":"closed","template":"","meta":[],"_links":{"self":[{"href":"http:\/\/nebuloschool.com\/hu\/wp-json\/wp\/v2\/pages\/19"}],"collection":[{"href":"http:\/\/nebuloschool.com\/hu\/wp-json\/wp\/v2\/pages"}],"about":[{"href":"http:\/\/nebuloschool.com\/hu\/wp-json\/wp\/v2\/types\/page"}],"author":[{"embeddable":true,"href":"http:\/\/nebuloschool.com\/hu\/wp-json\/wp\/v2\/users\/1"}],"replies":[{"embeddable":true,"href":"http:\/\/nebuloschool.com\/hu\/wp-json\/wp\/v2\/comments?post=19"}],"version-history":[{"count":17,"href":"http:\/\/nebuloschool.com\/hu\/wp-json\/wp\/v2\/pages\/19\/revisions"}],"predecessor-version":[{"id":1085,"href":"http:\/\/nebuloschool.com\/hu\/wp-json\/wp\/v2\/pages\/19\/revisions\/1085"}],"wp:attachment":[{"href":"http:\/\/nebuloschool.com\/hu\/wp-json\/wp\/v2\/media?parent=19"}],"curies":[{"name":"wp","href":"https:\/\/api.w.org\/{rel}","templated":true}]}}