{"id":166,"date":"2017-08-04T11:02:38","date_gmt":"2017-08-04T03:02:38","guid":{"rendered":"http:\/\/nebuloschool.com\/?page_id=166"},"modified":"2020-11-04T17:42:45","modified_gmt":"2020-11-04T09:42:45","slug":"mini-csoportunk","status":"publish","type":"page","link":"http:\/\/nebuloschool.com\/hu\/mini-csoportunk\/","title":{"rendered":"Nebul\u00f3cska"},"content":{"rendered":"<p>2016 szeptember\u00e9t\u0151l iskol\u00e1nkat Nebul\u00f3cska csoportunkkal b\u0151v\u00edtett\u00fck.<\/p>\n<p>Mi is a Nebul\u00f3cska?<\/p>\n<p>B\u00f6lcs\u00f6d\u00e9s (0-3+ \u00e9ves) gyerekek \u00e9s kis\u00e9r\u0151ik zen\u00e9s, \u00e9nekes, mond\u00f3k\u00e1z\u00f3s foglalkoz\u00e1sa magyar nyelven.<\/p>\n<p>Mit ny\u00fajt?<\/p>\n<p>\u00c9nekek, mond\u00f3k\u00e1k j\u00e1t\u00e9kos tanul\u00e1sa, bevezet\u00e9s a magyar hangok, dallamok \u00e9s a magyar n\u00e9pi \u00e9nekek vil\u00e1g\u00e1ba. Individu\u00e1lis foglalkoz\u00e1sok, csoporthoz, egy\u00e9nhez alkalmazkodva.<\/p>\n<p>Hasznos tan\u00e1csok \u00e9s tapasztalatcser\u00e9k otthonos k\u00f6rnyezetben.<\/p>\n<p>Mikor?<\/p>\n<p>Minden h\u00e9tf\u0151n 11.00 \u00e9s 12.00 k\u00f6z\u00f6tt<\/p>\n<p>C\u00edm: 16 Shaw Rd Innaloo<\/p>\n<p>Foglalkoz\u00e1st tart\u00f3k:<br \/>\nFarkas \u00c1gnes<br \/>\nTel.: 0416869150<\/p>\n<p>Minden kedves \u00e9rdekl\u0151d\u0151t szeretettel v\u00e1runk!<\/p>\n<p>Jelentkez\u00e9s: nebulo.perth@gmail.com<br \/>\n<a href=\"http:\/\/nebuloschool.com\/wp-content\/uploads\/2020\/08\/NEBULOCSKA-Beiratkozasi-lap-Enrolment-form.docx\">\u00a0Jelentkez\u00e9si lap<\/a><\/p>\n<p>A befizet\u00e9seket banki \u00e1tutal\u00e1ssal k\u00e9rj\u00fck rendezni:<br \/>\nBSB: 306-044<br \/>\nBanksz\u00e1mlasz\u00e1m: 0469597<br \/>\nSz\u00e1mla neve: Hungarian Educational and Cultural Centre (HECC)<\/p>\n<div id=\"grid-gallery-6-78713\" data-gg-id=\"6\" data-title=\"Nebulocska\" data-grid-type=\"2\" data-offset=\"5.3\" data-area-position=\"center\" data-icons=\"false\" data-preloader=\"true\" data-width=\"auto\" data-height=\"215\" data-padding=\"0\" data-quicksand=\"disabled\" data-quicksand-duration=\"1800\" data-popup-theme=\"theme_6\" data-popup-type=\"pretty-photo\" data-popup-image-text=\"data-description\" data-popup-widthsize=\"auto\" data-popup-heightsize=\"auto\" data-popup-i18n-words=\"{&quot;close&quot;:&quot;close&quot;,&quot;next&quot;:&quot;next&quot;,&quot;previous&quot;:&quot;previous&quot;,&quot;start_slideshow&quot;:&quot;start slideshow&quot;,&quot;stop_slideshow&quot;:&quot;stop slideshow&quot;,&quot;image&quot;:&quot;image&quot;,&quot;of&quot;:&quot;of&quot;,&quot;prev&quot;:&quot;prev&quot;,&quot;cExpand&quot;:&quot;Expand&quot;,&quot;cPrevious&quot;:&quot;Previous&quot;,&quot;cNext&quot;:&quot;Next&quot;,&quot;cExpandStr&quot;:&quot;Expand the image&quot;,&quot;cRotate&quot;:&quot;Rotate&quot;,&quot;cDetails&quot;:&quot;Details&quot;}\" data-popup-slideshow=\"false\" data-popup-slideshow-speed=\"2500\" data-popup-hoverstop=\"false\" data-popup-slideshow-auto=\"false\" data-popup-background=\"\" data-popup-transparency=\"30\" data-popup-disable-history=\"\" data-popup-disable-changed-url=\"\" data-popup-border-type=\"\" data-popup-border-color=\"\" data-popup-border-width=\"\" data-popup-border-enable=\"\" data-fullscreen=\"false\" data-hide-tooltip=\"false\" data-caption-font-family=\"Default\" data-caption-text-size=\"14px\" data-is-mobile=\"0\" data-caption-mobile=\"false\" data-hide-long-tltp-title=\"0\" data-caption-disabled-on-mobile=\"false\" data-popup-placement-type=\"0\" data-social-sharing=\"{&quot;enabled&quot;:&quot;&quot;,&quot;gallerySharing&quot;:{&quot;enabled&quot;:null,&quot;position&quot;:null},&quot;imageSharing&quot;:{&quot;enabled&quot;:null,&quot;wrapperClass&quot;:&quot; vertical \\n &quot;},&quot;popupSharing&quot;:{&quot;enabled&quot;:null,&quot;wrapperClass&quot;:&quot; vertical \\n &quot;}}\" class=\"grid-gallery grid-gallery-fixed \" style=\" width:100%; height:auto ; margin-left:auto; margin-right:auto; position:relative;\" > <div class=\"gallery-loading\"> <div class=\"blocks\"> <div class=\"block\"><\/div> <div class=\"block\"><\/div> <div class=\"block\"><\/div> <div class=\"block\"><\/div> <\/div> <\/div> <div class=\"gallery-sharing-top\"><\/div> <div id=\"photos-6\" class=\"grid-gallery-photos \" > <a id=\"gg-6-348\" class=\"gg-link \" data-attachment-id=\"1360\" href=\"http:\/\/nebuloschool.com\/wp-content\/uploads\/2020\/11\/120511980_10221113856389336_3077295826370629568_n.jpg?gid=6\" target=\"_self\" title=\"120511980_10221113856389336_3077295826370629568_n\" data-rel=\"prettyPhoto[pp_gal]\" style=\"border-radius: 20px;\" ><FIGURE class=\"grid-gallery-caption shadow-show \" data-grid-gallery-type=\"quarter-two-step\" data-index=\"0\" style=\"display:none;border-radius: 20px; box-shadow: 2px 4px 5px #000000; ; margin: 2.65px; height:215px; width:auto;\" ><div class=\"crop \" style=\" \"><img src=\"http:\/\/nebuloschool.com\/wp-content\/uploads\/2020\/11\/120511980_10221113856389336_3077295826370629568_n-333x215.jpg\" class=\"ggImg ggNotInitImg\" alt=\"120511980_10221113856389336_3077295826370629568_n\" title=\"120511980_10221113856389336_3077295826370629568_n\" data-description=\"120511980_10221113856389336_3077295826370629568_n\" data-caption=\"120511980_10221113856389336_3077295826370629568_n\" data-title=\"120511980_10221113856389336_3077295826370629568_n\" style=\" height:215px; width:auto; \" \/><\/div><FIGCAPTION class=\"\" data-alpha=\"5\" style=\"color:#ffffff; background-color:#0c0000; font-size:14px; text-align:2; font-family:Default;\" ><div class=\"grid-gallery-figcaption-wrap\" style=\" vertical-align:; \"><\/div><\/FIGCAPTION><\/FIGURE><\/a> <a id=\"gg-6-217\" class=\"gg-link \" data-attachment-id=\"847\" href=\"http:\/\/nebuloschool.com\/wp-content\/uploads\/2019\/01\/IMG_4527.jpg?gid=6\" target=\"_self\" title=\"IMG_4527\" data-rel=\"prettyPhoto[pp_gal]\" style=\"border-radius: 20px;\" ><FIGURE class=\"grid-gallery-caption shadow-show \" data-grid-gallery-type=\"quarter-two-step\" data-index=\"1\" style=\"display:none;border-radius: 20px; box-shadow: 2px 4px 5px #000000; ; margin: 2.65px; height:215px; width:auto;\" ><div class=\"crop \" style=\" \"><img src=\"http:\/\/nebuloschool.com\/wp-content\/uploads\/2019\/01\/IMG_4527-287x215.jpg\" class=\"ggImg ggNotInitImg\" alt=\"IMG_4527\" title=\"IMG_4527\" data-description=\"IMG_4527\" data-caption=\"IMG_4527\" data-title=\"IMG_4527\" style=\" height:215px; width:auto; \" \/><\/div><FIGCAPTION class=\"\" data-alpha=\"5\" style=\"color:#ffffff; background-color:#0c0000; font-size:14px; text-align:2; font-family:Default;\" ><div class=\"grid-gallery-figcaption-wrap\" style=\" vertical-align:; \"><\/div><\/FIGCAPTION><\/FIGURE><\/a> <a id=\"gg-6-218\" class=\"gg-link \" data-attachment-id=\"846\" href=\"http:\/\/nebuloschool.com\/wp-content\/uploads\/2019\/01\/IMG_2230.jpg?gid=6\" target=\"_self\" title=\"IMG_2230\" data-rel=\"prettyPhoto[pp_gal]\" style=\"border-radius: 20px;\" ><FIGURE class=\"grid-gallery-caption shadow-show \" data-grid-gallery-type=\"quarter-two-step\" data-index=\"2\" style=\"display:none;border-radius: 20px; box-shadow: 2px 4px 5px #000000; ; margin: 2.65px; height:215px; width:auto;\" ><div class=\"crop \" style=\" \"><img src=\"http:\/\/nebuloschool.com\/wp-content\/uploads\/2019\/01\/IMG_2230-287x215.jpg\" class=\"ggImg ggNotInitImg\" alt=\"IMG_2230\" title=\"IMG_2230\" data-description=\"IMG_2230\" data-caption=\"IMG_2230\" data-title=\"IMG_2230\" style=\" height:215px; width:auto; \" \/><\/div><FIGCAPTION class=\"\" data-alpha=\"5\" style=\"color:#ffffff; background-color:#0c0000; font-size:14px; text-align:2; font-family:Default;\" ><div class=\"grid-gallery-figcaption-wrap\" style=\" vertical-align:; \"><\/div><\/FIGCAPTION><\/FIGURE><\/a> <a id=\"gg-6-215\" class=\"gg-link \" data-attachment-id=\"849\" href=\"http:\/\/nebuloschool.com\/wp-content\/uploads\/2019\/01\/IMG_4534.jpg?gid=6\" target=\"_self\" title=\"IMG_4534\" data-rel=\"prettyPhoto[pp_gal]\" style=\"border-radius: 20px;\" ><FIGURE class=\"grid-gallery-caption shadow-show \" data-grid-gallery-type=\"quarter-two-step\" data-index=\"3\" style=\"display:none;border-radius: 20px; box-shadow: 2px 4px 5px #000000; ; margin: 2.65px; height:215px; width:auto;\" ><div class=\"crop \" style=\" \"><img src=\"http:\/\/nebuloschool.com\/wp-content\/uploads\/2019\/01\/IMG_4534-287x215.jpg\" class=\"ggImg ggNotInitImg\" alt=\"IMG_4534\" title=\"IMG_4534\" data-description=\"IMG_4534\" data-caption=\"IMG_4534\" data-title=\"IMG_4534\" style=\" height:215px; width:auto; \" \/><\/div><FIGCAPTION class=\"\" data-alpha=\"5\" style=\"color:#ffffff; background-color:#0c0000; font-size:14px; text-align:2; font-family:Default;\" ><div class=\"grid-gallery-figcaption-wrap\" style=\" vertical-align:; \"><\/div><\/FIGCAPTION><\/FIGURE><\/a> <a id=\"gg-6-216\" class=\"gg-link \" data-attachment-id=\"848\" href=\"http:\/\/nebuloschool.com\/wp-content\/uploads\/2019\/01\/IMG_4531.jpg?gid=6\" target=\"_self\" title=\"IMG_4531\" data-rel=\"prettyPhoto[pp_gal]\" style=\"border-radius: 20px;\" ><FIGURE class=\"grid-gallery-caption shadow-show \" data-grid-gallery-type=\"quarter-two-step\" data-index=\"4\" style=\"display:none;border-radius: 20px; box-shadow: 2px 4px 5px #000000; ; margin: 2.65px; height:215px; width:auto;\" ><div class=\"crop \" style=\" \"><img src=\"http:\/\/nebuloschool.com\/wp-content\/uploads\/2019\/01\/IMG_4531-287x215.jpg\" class=\"ggImg ggNotInitImg\" alt=\"IMG_4531\" title=\"IMG_4531\" data-description=\"IMG_4531\" data-caption=\"IMG_4531\" data-title=\"IMG_4531\" style=\" height:215px; width:auto; \" \/><\/div><FIGCAPTION class=\"\" data-alpha=\"5\" style=\"color:#ffffff; background-color:#0c0000; font-size:14px; text-align:2; font-family:Default;\" ><div class=\"grid-gallery-figcaption-wrap\" style=\" vertical-align:; \"><\/div><\/FIGCAPTION><\/FIGURE><\/a> <a id=\"gg-6-214\" class=\"gg-link \" data-attachment-id=\"850\" href=\"http:\/\/nebuloschool.com\/wp-content\/uploads\/2019\/01\/IMG_8888.jpg?gid=6\" target=\"_self\" title=\"IMG_8888\" data-rel=\"prettyPhoto[pp_gal]\" style=\"border-radius: 20px;\" ><FIGURE class=\"grid-gallery-caption shadow-show \" data-grid-gallery-type=\"quarter-two-step\" data-index=\"5\" style=\"display:none;border-radius: 20px; box-shadow: 2px 4px 5px #000000; ; margin: 2.65px; height:215px; width:auto;\" ><div class=\"crop \" style=\" \"><img src=\"http:\/\/nebuloschool.com\/wp-content\/uploads\/2019\/01\/IMG_8888-287x215.jpg\" class=\"ggImg ggNotInitImg\" alt=\"IMG_8888\" title=\"IMG_8888\" data-description=\"IMG_8888\" data-caption=\"IMG_8888\" data-title=\"IMG_8888\" style=\" height:215px; width:auto; \" \/><\/div><FIGCAPTION class=\"\" data-alpha=\"5\" style=\"color:#ffffff; background-color:#0c0000; font-size:14px; text-align:2; font-family:Default;\" ><div class=\"grid-gallery-figcaption-wrap\" style=\" vertical-align:; \"><\/div><\/FIGCAPTION><\/FIGURE><\/a> <a id=\"gg-6-91\" class=\"gg-link \" data-attachment-id=\"653\" href=\"http:\/\/nebuloschool.com\/wp-content\/uploads\/2018\/04\/IMG_1668.jpg?gid=6\" target=\"_self\" title=\"IMG_1668\" data-rel=\"prettyPhoto[pp_gal]\" style=\"border-radius: 20px;\" ><FIGURE class=\"grid-gallery-caption shadow-show \" data-grid-gallery-type=\"quarter-two-step\" data-index=\"6\" style=\"display:none;border-radius: 20px; box-shadow: 2px 4px 5px #000000; ; margin: 2.65px; height:215px; width:auto;\" ><div class=\"crop \" style=\" \"><img src=\"http:\/\/nebuloschool.com\/wp-content\/uploads\/2018\/04\/IMG_1668-287x215.jpg\" class=\"ggImg ggNotInitImg\" alt=\"IMG_1668\" title=\"IMG_1668\" data-description=\"IMG_1668\" data-caption=\"IMG_1668\" data-title=\"IMG_1668\" style=\" height:215px; width:auto; \" \/><\/div><FIGCAPTION class=\"\" data-alpha=\"5\" style=\"color:#ffffff; background-color:#0c0000; font-size:14px; text-align:2; font-family:Default;\" ><div class=\"grid-gallery-figcaption-wrap\" style=\" vertical-align:; \"><\/div><\/FIGCAPTION><\/FIGURE><\/a> <a id=\"gg-6-92\" class=\"gg-link \" data-attachment-id=\"652\" href=\"http:\/\/nebuloschool.com\/wp-content\/uploads\/2018\/04\/IMG_2290.jpg?gid=6\" target=\"_self\" title=\"IMG_2290\" data-rel=\"prettyPhoto[pp_gal]\" style=\"border-radius: 20px;\" ><FIGURE class=\"grid-gallery-caption shadow-show \" data-grid-gallery-type=\"quarter-two-step\" data-index=\"7\" style=\"display:none;border-radius: 20px; box-shadow: 2px 4px 5px #000000; ; margin: 2.65px; height:215px; width:auto;\" ><div class=\"crop \" style=\" \"><img src=\"http:\/\/nebuloschool.com\/wp-content\/uploads\/2018\/04\/IMG_2290-287x215.jpg\" class=\"ggImg ggNotInitImg\" alt=\"IMG_2290\" title=\"IMG_2290\" data-description=\"IMG_2290\" data-caption=\"IMG_2290\" data-title=\"IMG_2290\" style=\" height:215px; width:auto; \" \/><\/div><FIGCAPTION class=\"\" data-alpha=\"5\" style=\"color:#ffffff; background-color:#0c0000; font-size:14px; text-align:2; font-family:Default;\" ><div class=\"grid-gallery-figcaption-wrap\" style=\" vertical-align:; \"><\/div><\/FIGCAPTION><\/FIGURE><\/a> <a id=\"gg-6-34\" class=\"gg-link \" data-attachment-id=\"348\" href=\"http:\/\/nebuloschool.com\/wp-content\/uploads\/2017\/08\/nebulocska-2.jpg?gid=6\" target=\"_self\" title=\"nebulocska\" data-rel=\"prettyPhoto[pp_gal]\" style=\"border-radius: 20px;\" ><FIGURE class=\"grid-gallery-caption shadow-show \" data-grid-gallery-type=\"quarter-two-step\" data-index=\"8\" style=\"display:none;border-radius: 20px; box-shadow: 2px 4px 5px #000000; ; margin: 2.65px; height:215px; width:auto;\" ><div class=\"crop \" style=\" \"><img src=\"http:\/\/nebuloschool.com\/wp-content\/uploads\/2017\/08\/nebulocska-2-287x215.jpg\" class=\"ggImg ggNotInitImg\" alt=\"nebulocska\" title=\"nebulocska\" data-description=\"nebulocska\" data-caption=\"nebulocska\" data-title=\"nebulocska\" style=\" height:215px; width:auto; \" \/><\/div><FIGCAPTION class=\"\" data-alpha=\"5\" style=\"color:#ffffff; background-color:#0c0000; font-size:14px; text-align:2; font-family:Default;\" ><div class=\"grid-gallery-figcaption-wrap\" style=\" vertical-align:; \"><\/div><\/FIGCAPTION><\/FIGURE><\/a> <a id=\"gg-6-32\" class=\"gg-link \" data-attachment-id=\"249\" href=\"http:\/\/nebuloschool.com\/wp-content\/uploads\/2017\/08\/nebulocska-1.jpg?gid=6\" target=\"_self\" title=\"nebulocska\" data-rel=\"prettyPhoto[pp_gal]\" style=\"border-radius: 20px;\" ><FIGURE class=\"grid-gallery-caption shadow-show \" data-grid-gallery-type=\"quarter-two-step\" data-index=\"9\" style=\"display:none;border-radius: 20px; box-shadow: 2px 4px 5px #000000; ; margin: 2.65px; height:215px; width:auto;\" ><div class=\"crop \" style=\" \"><img src=\"http:\/\/nebuloschool.com\/wp-content\/uploads\/2017\/08\/nebulocska-1-382x215.jpg\" class=\"ggImg ggNotInitImg\" alt=\"nebulocska\" title=\"nebulocska\" data-description=\"nebulocska\" data-caption=\"nebulocska\" data-title=\"nebulocska\" style=\" height:215px; width:auto; \" \/><\/div><FIGCAPTION class=\"\" data-alpha=\"5\" style=\"color:#ffffff; background-color:#0c0000; font-size:14px; text-align:2; font-family:Default;\" ><div class=\"grid-gallery-figcaption-wrap\" style=\" vertical-align:; \"><\/div><\/FIGCAPTION><\/FIGURE><\/a> <div class=\"grid-gallery-clearfix\"><\/div> <\/div> <div class=\"gallery-sharing-bottom\"><\/div> <div class=\"grid-gallery-clearfix\"><\/div> <\/div> <!-- Gallery by Supsystic plugin 1.15.3 -->\n<p>&nbsp;<\/p>","protected":false},"excerpt":{"rendered":"<p>2016 szeptember\u00e9t\u0151l iskol\u00e1nkat Nebul\u00f3cska csoportunkkal b\u0151v\u00edtett\u00fck. Mi is a Nebul\u00f3cska? B\u00f6lcs\u00f6d\u00e9s (0-3+ \u00e9ves) gyerekek \u00e9s kis\u00e9r\u0151ik zen\u00e9s, \u00e9nekes, mond\u00f3k\u00e1z\u00f3s foglalkoz\u00e1sa&hellip; <a class=\"read-more\" href=\"http:\/\/nebuloschool.com\/hu\/mini-csoportunk\/\">Read more <span class=\"screen-reader-text\">Nebul\u00f3cska<\/span><\/a><\/p>\n","protected":false},"author":4,"featured_media":0,"parent":0,"menu_order":0,"comment_status":"closed","ping_status":"closed","template":"","meta":[],"_links":{"self":[{"href":"http:\/\/nebuloschool.com\/hu\/wp-json\/wp\/v2\/pages\/166"}],"collection":[{"href":"http:\/\/nebuloschool.com\/hu\/wp-json\/wp\/v2\/pages"}],"about":[{"href":"http:\/\/nebuloschool.com\/hu\/wp-json\/wp\/v2\/types\/page"}],"author":[{"embeddable":true,"href":"http:\/\/nebuloschool.com\/hu\/wp-json\/wp\/v2\/users\/4"}],"replies":[{"embeddable":true,"href":"http:\/\/nebuloschool.com\/hu\/wp-json\/wp\/v2\/comments?post=166"}],"version-history":[{"count":34,"href":"http:\/\/nebuloschool.com\/hu\/wp-json\/wp\/v2\/pages\/166\/revisions"}],"predecessor-version":[{"id":1357,"href":"http:\/\/nebuloschool.com\/hu\/wp-json\/wp\/v2\/pages\/166\/revisions\/1357"}],"wp:attachment":[{"href":"http:\/\/nebuloschool.com\/hu\/wp-json\/wp\/v2\/media?parent=166"}],"curies":[{"name":"wp","href":"https:\/\/api.w.org\/{rel}","templated":true}]}}