{"id":1597,"date":"2025-07-15T11:43:49","date_gmt":"2025-07-15T03:43:49","guid":{"rendered":"http:\/\/nebuloschool.com\/?page_id=1597"},"modified":"2026-02-14T19:54:50","modified_gmt":"2026-02-14T11:54:50","slug":"enrolment-beiratkozas","status":"publish","type":"page","link":"http:\/\/nebuloschool.com\/hu\/enrolment-beiratkozas\/","title":{"rendered":"Enrolment \/ Beiratkoz\u00e1s"},"content":{"rendered":"\n<p><strong>Location:<\/strong> Hungarian Association of WA, 734 Beaufort St, Mount Lawley WA 6050<\/p>\n\n\n\n<p><a href=\"https:\/\/forms.office.com\/pages\/responsepage.aspx?id=DQSIkWdsW0yxEjajBLZtrQAAAAAAAAAAAAMAANFNMJtUNFlTRzNZOTFWWVk1SThUNjhWMzQwN0dFSy4u&amp;route=shorturl\" data-type=\"URL\" data-id=\"https:\/\/forms.office.com\/pages\/responsepage.aspx?id=DQSIkWdsW0yxEjajBLZtrQAAAAAAAAAAAAMAANFNMJtUNFlTRzNZOTFWWVk1SThUNjhWMzQwN0dFSy4u&amp;route=shorturl\"> Online Enrolment Form<\/a><\/p>\n\n\n\n<p>Please note that we are unable to reduce the semester tuition fee, even if you know your child will be absent for a few weeks during the term. Our tuition fees are already subsidised by the Hungarian Educational and Cultural Centre, allowing us to keep them as affordable as possible.<\/p>\n\n\n\n<p>Tuition fees are due before the start of each semester. If you are experiencing financial hardship and need assistance, please speak with Nebulo Head of School.<\/p>\n\n\n\n<p><strong>Payment details: <\/strong><\/p>\n\n\n\n<p>Hungarian Educational and Cultural Centre Bank account information: <\/p>\n\n\n\n<p>BSB: 066-202<\/p>\n\n\n\n<p>Account: 10503623<\/p>\n\n\n\n<p><strong>2026 Fees per semester<\/strong><\/p>\n\n\n\n<p>1 Child &#8211; $270\/semester<\/p>\n\n\n\n<p>2 Children &#8211; $420\/semester<\/p>\n\n\n\n<p>3 Children &#8211; $510\/semester<\/p>\n\n\n\n<p>4 Children &#8211; $600\/semester<\/p>\n\n\n\n<p><\/p>\n\n\n\n<p><strong>School dates in Semester 1 2026: <\/strong><\/p>\n\n\n\n<p>February: 7, 14, 22, (on 28th Feb:  AMPE Conference in Perth, no teaching at Nebulo)<\/p>\n\n\n\n<p>March:  7, 14, 21 &#8211; Marketplace, Toy sale at Nebulo, 28<\/p>\n\n\n\n<p>April: 25<\/p>\n\n\n\n<p>May: 2, (3, Mothers Day at Hungarian House), 9, 16, 23, 30<\/p>\n\n\n\n<p>June: 6, 13, 20, 27<\/p>\n\n\n\n<p><strong>School dates in Semester 2 2026:<\/strong><\/p>\n\n\n\n<p>July: 25<\/p>\n\n\n\n<p>August: 1 &#8211; Class is in the WA Museum,  8, 15, 22, 29<\/p>\n\n\n\n<p>September: 5, 12, 19<\/p>\n\n\n\n<p>October: 10, 17, 24, 31<\/p>\n\n\n\n<p>November: 7, 14 &#8211; Family Day, 21, 28<\/p>\n\n\n\n<p>December: 5, 6 &#8211; St Nicolas day, 12 (Ginger bread making)<\/p>\n\n\n\n<p><\/p>\n\n\n\n<p><strong>Helysz\u00edn:<\/strong> Hungarian Association of WA, 734 Beaufort St, Mount Lawley WA 6050<\/p>\n\n\n\n<p><a href=\"https:\/\/forms.office.com\/pages\/responsepage.aspx?id=DQSIkWdsW0yxEjajBLZtrQAAAAAAAAAAAAMAANFNMJtUNFlTRzNZOTFWWVk1SThUNjhWMzQwN0dFSy4u&amp;route=shorturl\" data-type=\"URL\" data-id=\"https:\/\/forms.office.com\/pages\/responsepage.aspx?id=DQSIkWdsW0yxEjajBLZtrQAAAAAAAAAAAAMAANFNMJtUNFlTRzNZOTFWWVk1SThUNjhWMzQwN0dFSy4u&amp;route=shorturl\">Online Beiratkoz\u00e1s<\/a><\/p>\n\n\n\n<p><strong>Tand<strong>\u00ed<\/strong>j fizet\u00e9se<\/strong>:<\/p>\n\n\n\n<p>Sz\u00e1mlatulajdonos: Hungarian Educational and Cultural Centre<\/p>\n\n\n\n<p>BSB: 066-202<\/p>\n\n\n\n<p>Account: 10503623<\/p>\n\n\n\n<p>Felh\u00edvjuk figyelmeteket, hogy a f\u00e9l\u00e9ves tand\u00edjat nem tudjuk cs\u00f6kkenteni akkor sem, ha el\u0151re jelzitek, &nbsp;a gyerekek hi\u00e1nyz\u00e1s\u00e1t a f\u00e9l\u00e9v sor\u00e1n. A tand\u00edjat a Hungarian Educational and Cultural Centre t\u00e1mogatja, \u00edgy igyeksz\u00fcnk azt a lehet\u0151 legkedvez\u0151bb \u00e1ron meghat\u00e1rozni.<\/p>\n\n\n\n<p>A tand\u00edj befizet\u00e9se a f\u00e9l\u00e9v kezdete el\u0151tt esed\u00e9kes. Amennyiben anyagi neh\u00e9zs\u00e9g miatt gondot okoz a befizet\u00e9s, k\u00e9r\u00fcnk, hogy ezt jelezd a Nebul\u00f3 iskola igazgat\u00f3j\u00e1n\u00e1l.<\/p>\n\n\n\n<p><strong>2026-os f\u00e9l\u00e9ves <strong>tand<strong>\u00ed<\/strong>j<\/strong> <\/strong><\/p>\n\n\n\n<p>1 Tanul\u00f3 &#8211; $270\/f\u00e9l\u00e9v<\/p>\n\n\n\n<p>2 Testv\u00e9r &#8211; $420\/f\u00e9l\u00e9v<\/p>\n\n\n\n<p>3 Testv\u00e9r &#8211; $510\/f\u00e9l\u00e9v<\/p>\n\n\n\n<p>4 Testv\u00e9r &#8211; $600\/f\u00e9l\u00e9v<\/p>\n\n\n\n<p><strong>Nebul\u00f3 id\u0151pontok 2026 els\u0151 f\u00e9l\u00e9vben: <\/strong><\/p>\n\n\n\n<p>Febru\u00e1r:  7, 14, 21, 28<\/p>\n\n\n\n<p>M\u00e1rcius:  7, 14, 21 &#8211; Piact\u00e9r, j\u00e1t\u00e9kv\u00e1s\u00e1r, 28 <\/p>\n\n\n\n<p>\u00c1prilis:  25<\/p>\n\n\n\n<p>M\u00e1jus:   2, 3 &#8211; Any\u00e1k napja, 9, 16, 23, 30 <\/p>\n\n\n\n<p>J\u00fanius:  6, 13, 20, 27 <\/p>\n\n\n\n<p><strong>Nebul\u00f3 id\u0151pontok 2025 m\u00e1sodik f\u00e9l\u00e9vben: <\/strong><\/p>\n\n\n\n<p>J\u00falius: 25<\/p>\n\n\n\n<p>Augusztus: 1 &#8211; WA M\u00fazeum, 8, 15, 22, 29 <\/p>\n\n\n\n<p>Szeptember:  5, 12, 19 <\/p>\n\n\n\n<p>Okt\u00f3ber: 10, 17, 24, 31<\/p>\n\n\n\n<p>November: 7, 14 &#8211; Csal\u00e1di nap, 21, 28 <\/p>\n\n\n\n<p>December:  5, 6 &#8211; Mikul\u00e1s \u00fcnneps\u00e9g, 12 -Kar\u00e1csonyi s\u00fct\u00e9s <\/p>\n\n\n\n<p><\/p>\n\n\n\n<p><\/p>\n","protected":false},"excerpt":{"rendered":"<p>Location: Hungarian Association of WA, 734 Beaufort St, Mount Lawley WA 6050 Online Enrolment Form Please note that we are&hellip; <a class=\"read-more\" href=\"http:\/\/nebuloschool.com\/hu\/enrolment-beiratkozas\/\">Read more <span class=\"screen-reader-text\">Enrolment \/ Beiratkoz\u00e1s<\/span><\/a><\/p>\n","protected":false},"author":1,"featured_media":0,"parent":0,"menu_order":0,"comment_status":"closed","ping_status":"closed","template":"","meta":[],"_links":{"self":[{"href":"http:\/\/nebuloschool.com\/hu\/wp-json\/wp\/v2\/pages\/1597"}],"collection":[{"href":"http:\/\/nebuloschool.com\/hu\/wp-json\/wp\/v2\/pages"}],"about":[{"href":"http:\/\/nebuloschool.com\/hu\/wp-json\/wp\/v2\/types\/page"}],"author":[{"embeddable":true,"href":"http:\/\/nebuloschool.com\/hu\/wp-json\/wp\/v2\/users\/1"}],"replies":[{"embeddable":true,"href":"http:\/\/nebuloschool.com\/hu\/wp-json\/wp\/v2\/comments?post=1597"}],"version-history":[{"count":6,"href":"http:\/\/nebuloschool.com\/hu\/wp-json\/wp\/v2\/pages\/1597\/revisions"}],"predecessor-version":[{"id":1664,"href":"http:\/\/nebuloschool.com\/hu\/wp-json\/wp\/v2\/pages\/1597\/revisions\/1664"}],"wp:attachment":[{"href":"http:\/\/nebuloschool.com\/hu\/wp-json\/wp\/v2\/media?parent=1597"}],"curies":[{"name":"wp","href":"https:\/\/api.w.org\/{rel}","templated":true}]}}