{"id":13,"date":"2016-07-04T12:39:46","date_gmt":"2016-07-04T04:39:46","guid":{"rendered":"http:\/\/nebuloschool.com\/?page_id=13"},"modified":"2026-02-14T20:15:00","modified_gmt":"2026-02-14T12:15:00","slug":"testimonials","status":"publish","type":"page","link":"http:\/\/nebuloschool.com\/hu\/testimonials\/","title":{"rendered":"HECC"},"content":{"rendered":"<p class=\"qtranxs-available-languages-message qtranxs-available-languages-message-hu\">Sajnos ennek a bejegyz\u00e9snek csak <a href=\"http:\/\/nebuloschool.com\/en\/wp-json\/wp\/v2\/pages\/13\" class=\"qtranxs-available-language-link qtranxs-available-language-link-en\" title=\"English\">Amerikai Angol<\/a> nyelv\u0171 v\u00e1ltozata van.<\/p>","protected":false},"excerpt":{"rendered":"<p>Sajnos ennek a bejegyz\u00e9snek csak Amerikai Angol nyelv\u0171 v\u00e1ltozata van.<\/p>\n","protected":false},"author":1,"featured_media":0,"parent":0,"menu_order":0,"comment_status":"closed","ping_status":"closed","template":"","meta":[],"_links":{"self":[{"href":"http:\/\/nebuloschool.com\/hu\/wp-json\/wp\/v2\/pages\/13"}],"collection":[{"href":"http:\/\/nebuloschool.com\/hu\/wp-json\/wp\/v2\/pages"}],"about":[{"href":"http:\/\/nebuloschool.com\/hu\/wp-json\/wp\/v2\/types\/page"}],"author":[{"embeddable":true,"href":"http:\/\/nebuloschool.com\/hu\/wp-json\/wp\/v2\/users\/1"}],"replies":[{"embeddable":true,"href":"http:\/\/nebuloschool.com\/hu\/wp-json\/wp\/v2\/comments?post=13"}],"version-history":[{"count":37,"href":"http:\/\/nebuloschool.com\/hu\/wp-json\/wp\/v2\/pages\/13\/revisions"}],"predecessor-version":[{"id":1666,"href":"http:\/\/nebuloschool.com\/hu\/wp-json\/wp\/v2\/pages\/13\/revisions\/1666"}],"wp:attachment":[{"href":"http:\/\/nebuloschool.com\/hu\/wp-json\/wp\/v2\/media?parent=13"}],"curies":[{"name":"wp","href":"https:\/\/api.w.org\/{rel}","templated":true}]}}