{"id":1094,"date":"2020-04-22T11:45:57","date_gmt":"2020-04-22T03:45:57","guid":{"rendered":"http:\/\/nebuloschool.com\/?page_id=1094"},"modified":"2023-01-21T08:39:10","modified_gmt":"2023-01-21T00:39:10","slug":"about-us","status":"publish","type":"page","link":"http:\/\/nebuloschool.com\/hu\/about-us\/","title":{"rendered":"(English) About Us"},"content":{"rendered":"<p><b><span lang=\"EN-US\"><strong><a href=\"http:\/\/nebuloschool.com\/wp-content\/uploads\/2020\/06\/Ke\u0301pernyo\u030bfoto\u0301-2020-06-02-15.58.43.png\"><img loading=\"lazy\" class=\"alignleft wp-image-1156\" src=\"http:\/\/nebuloschool.com\/wp-content\/uploads\/2020\/06\/Ke\u0301pernyo\u030bfoto\u0301-2020-06-02-15.58.43-300x271.png\" alt=\"\" width=\"250\" height=\"226\" srcset=\"http:\/\/nebuloschool.com\/wp-content\/uploads\/2020\/06\/Ke\u0301pernyo\u030bfoto\u0301-2020-06-02-15.58.43-300x271.png 300w, http:\/\/nebuloschool.com\/wp-content\/uploads\/2020\/06\/Ke\u0301pernyo\u030bfoto\u0301-2020-06-02-15.58.43-660x595.png 660w, http:\/\/nebuloschool.com\/wp-content\/uploads\/2020\/06\/Ke\u0301pernyo\u030bfoto\u0301-2020-06-02-15.58.43.png 674w\" sizes=\"(max-width: 250px) 100vw, 250px\" \/><\/a>N\u00e9meth Kata\u00a0<\/strong><\/span><\/b><span lang=\"EN-US\">a Nebul\u00f3 iskola \u00e9let\u00e9ben a kezdetekt\u0151l fogva r\u00e9szt vesz, a 2015-\u00f6s tan\u00e9vt\u0151l pedig tan\u00e1rk\u00e9nt is tev\u00e9kenykedik. A HECC (Hungarian Educational and Cultural Centre) jelenlegi eln\u00f6ke. Kata angol \u00e9s kommunik\u00e1ci\u00f3 szakon szerzett tan\u00e1ri diplom\u00e1t. Munkatapasztalata oktat\u00e1sszervez\u00e9s ter\u00fcleten UWA, Central TAFE, South Metropolitan TAFE.<\/span><\/p>\n<p><strong><a href=\"http:\/\/nebuloschool.com\/wp-content\/uploads\/2020\/06\/Ke\u0301pernyo\u030bfoto\u0301-2020-06-02-15.58.50.png\"><img loading=\"lazy\" class=\"alignleft wp-image-1157\" src=\"http:\/\/nebuloschool.com\/wp-content\/uploads\/2020\/06\/Ke\u0301pernyo\u030bfoto\u0301-2020-06-02-15.58.50-300x298.png\" alt=\"\" width=\"250\" height=\"248\" srcset=\"http:\/\/nebuloschool.com\/wp-content\/uploads\/2020\/06\/Ke\u0301pernyo\u030bfoto\u0301-2020-06-02-15.58.50-300x298.png 300w, http:\/\/nebuloschool.com\/wp-content\/uploads\/2020\/06\/Ke\u0301pernyo\u030bfoto\u0301-2020-06-02-15.58.50-150x150.png 150w, http:\/\/nebuloschool.com\/wp-content\/uploads\/2020\/06\/Ke\u0301pernyo\u030bfoto\u0301-2020-06-02-15.58.50.png 616w\" sizes=\"(max-width: 250px) 100vw, 250px\" \/><\/a>Farkas \u00c1gnes <\/strong>a Nebul\u00f3 Magyar Iskola\u00a0 igazgat\u00f3ja \u00e9s az egyik csoport tan\u00edt\u00f3ja. Az AMPE (Ausztr\u00e1liai Magyar Pedag\u00f3gusok Egyes\u00fclete) aleln\u00f6ke. \u00c1gi S\u00e1rospatakon szerzett tan\u00edt\u00f3i diplom\u00e1t \u00e9s zongoraoktat\u00f3i bizonyitv\u00e1nyt. Ugyanitt \u00e9nek-zene szakkoll\u00e9giumot v\u00e9gzett. K\u00e9s\u0151bb\u00a0 angol nyelvtan\u00e1ri diplom\u00e1t szerzett a Miskolci Egyetemen. 30 \u00e9ves tapasztalattal rendelkezik, \u00e1ltal\u00e1nos iskolai tan\u00edt\u00f3k\u00e9nt, \u00e9nek-zene tan\u00e1rk\u00e9nt \u00e9s angol nyelvtan\u00e1rk\u00e9nt dolgozott Magyarorsz\u00e1gon. Jelenleg ESL tan\u00e1r\u00a0a perth-i NAVITAS (ELICOS) nyelviskol\u00e1ban.<\/p>\n<p><strong><a href=\"http:\/\/nebuloschool.com\/wp-content\/uploads\/2020\/06\/Ke\u0301pernyo\u030bfoto\u0301-2020-06-02-15.58.57.png\"><img loading=\"lazy\" class=\"alignleft wp-image-1158\" src=\"http:\/\/nebuloschool.com\/wp-content\/uploads\/2020\/06\/Ke\u0301pernyo\u030bfoto\u0301-2020-06-02-15.58.57-262x300.png\" alt=\"\" width=\"250\" height=\"286\" \/><\/a>Simon-Dalton Ren\u00e1ta<\/strong> <strong>Ren\u00e1ta<\/strong> a Nebul\u00f3 gimnazista csoportj\u00e1t tan\u00edtja. Az Ausztr\u00e1li\u00e1ban letehet\u0151 magyar nyelvi \u00e9retts\u00e9gire k\u00e9sz\u00edti fel az iskola legid\u0151sebb tanul\u00f3it. Ren\u00e1ta az ELTE B\u00f6lcs\u00e9szettudom\u00e1nyi kar\u00e1n v\u00e9gzett magyar szakon. Szakdolgozat\u00e1t a k\u00e9tnyelv\u0171s\u00e9g t\u00e9mak\u00f6r\u00e9ben \u00edrta. 2004 \u00f3ta \u00e9l Ausztr\u00e1li\u00e1ban, k\u00e9t kiskamasz gyermeke m\u00e1r itt sz\u00fcletett.\u00a0A magyar nyelv \u00e9s kult\u00fara \u00e1pol\u00e1sa, \u00e1tad\u00e1sa mindig k\u00fcl\u00f6n\u00f6s boldos\u00e1ggal t\u00f6lti el.\u00d6r\u00f6mmel n\u00e9z a k\u00f6vetkez\u0151 Nebul\u00f3s tan\u00e9v el\u00e9be, hogy k\u00f6z\u00f6s munka \u00e1ltal tan\u00edtv\u00e1nyai m\u00e9g k\u00f6zelebb ker\u00fclhessenek a magyar kult\u00far\u00e1hoz.<\/p>\n<p><strong><a href=\"http:\/\/nebuloschool.com\/wp-content\/uploads\/2020\/06\/Ke\u0301pernyo\u030bfoto\u0301-2020-06-02-16.26.24.png\"><img loading=\"lazy\" class=\"alignleft wp-image-1166\" src=\"http:\/\/nebuloschool.com\/wp-content\/uploads\/2020\/06\/Ke\u0301pernyo\u030bfoto\u0301-2020-06-02-16.26.24-287x300.png\" alt=\"\" width=\"250\" height=\"261\" srcset=\"http:\/\/nebuloschool.com\/wp-content\/uploads\/2020\/06\/Ke\u0301pernyo\u030bfoto\u0301-2020-06-02-16.26.24-287x300.png 287w, http:\/\/nebuloschool.com\/wp-content\/uploads\/2020\/06\/Ke\u0301pernyo\u030bfoto\u0301-2020-06-02-16.26.24.png 642w\" sizes=\"(max-width: 250px) 100vw, 250px\" \/><\/a>Rauch D\u00f3ra<\/strong> <strong>Rauch D<\/strong><strong>\u00f3ra<\/strong> a Nebul\u00f3 \u00f3vod\u00e1s csoportj\u00e1t vezeti 2018-t\u00f3l. Ebben az tan\u00e9vben tov\u00e1bbviszi az \u00f3vod\u00e1b\u00f3l kiker\u00fcl\u0151 \u00edrni-olvasni tanul\u00f3 csoportot.<\/p>\n<p>Tan\u00e1rk\u00e9nt v\u00e9gzett \u00a0a Szegedi Tudom\u00e1ny Egyetem n\u00e9met szak\u00e1n \u00e9s a Juh\u00e1sz Gyula F\u0151iskola angol nyelvtan\u00e1r szak\u00e1n. B\u00e9k\u00e9scsab\u00e1n dolgozott n\u00e9met \u00e9s angol nyelvtan\u00e1rk\u00e9nt. 2014-ben elv\u00e9gezte a Cert IV Educational Assistant kurzust a TAFE \u2013 en.<\/p>\n<p><strong>Tr\u00e1zsi Emese az \u00f3vod\u00e1s csoport tan\u00e1ra a 2021-es tan\u00e9vt\u0151l. N\u00e9pt\u00e1ncosk\u00e9nt 2003 \u00f3ta tagja a debreceni Forg\u00f3r\u00f3zsa T\u00e1ncegy\u00fcttesnek \u00e9s 5 \u00e9vi<a href=\"http:\/\/nebuloschool.com\/wp-content\/uploads\/2021\/02\/Emese-Trazsi.jpg\"><img loading=\"lazy\" class=\"wp-image-1394 size-medium alignleft\" src=\"http:\/\/nebuloschool.com\/wp-content\/uploads\/2021\/02\/Emese-Trazsi-300x284.jpg\" alt=\"\" width=\"300\" height=\"284\" srcset=\"http:\/\/nebuloschool.com\/wp-content\/uploads\/2021\/02\/Emese-Trazsi-300x284.jpg 300w, http:\/\/nebuloschool.com\/wp-content\/uploads\/2021\/02\/Emese-Trazsi-768x728.jpg 768w, http:\/\/nebuloschool.com\/wp-content\/uploads\/2021\/02\/Emese-Trazsi-1024x970.jpg 1024w, http:\/\/nebuloschool.com\/wp-content\/uploads\/2021\/02\/Emese-Trazsi-660x626.jpg 660w, http:\/\/nebuloschool.com\/wp-content\/uploads\/2021\/02\/Emese-Trazsi.jpg 1512w\" sizes=\"(max-width: 300px) 100vw, 300px\" \/><\/a>g az egy\u00fcttes \u00f3vod\u00e1s csoportj\u00e1nak vezet\u0151je. <\/strong><\/p>\n<p><strong>A 2020-as \u00e9vben a K\u0151r\u00f6si Csoma S\u00e1ndor \u00f6szt\u00f6nd\u00edjprogram r\u00e9v\u00e9n a perthi Keszken\u0151 T\u00e1ncegy\u00fcttes Junior csoportj\u00e1nak tan\u00edtotta a magyar n\u00e9pt\u00e1nc alapjait \u00e9s folytatja ezt a 2021-es \u00e9vben is. M\u00f3dszertana az \u201e\u00cdgy tedd r\u00e1!\u201d m\u00f3dszerre alapszik, melynek seg\u00edts\u00e9g\u00e9vel j\u00e1tszva tanulhatnak a gyerekek. \u00d3r\u00e1in \u00e9lm\u00e9nyeken, j\u00e1t\u00e9kokon, \u00e9nekeken kereszt\u00fcl ismerkedhetnek meg a gyerekek a magyar kult\u00far\u00e1val \u00e9s nyelvvel.\u00a0<\/strong><\/p>\n<p><b><span lang=\"EN-US\">\u00a0<\/span><\/b><\/p>","protected":false},"excerpt":{"rendered":"<p>N\u00e9meth Kata\u00a0a Nebul\u00f3 iskola \u00e9let\u00e9ben a kezdetekt\u0151l fogva r\u00e9szt vesz, a 2015-\u00f6s tan\u00e9vt\u0151l pedig tan\u00e1rk\u00e9nt is tev\u00e9kenykedik. A HECC (Hungarian&hellip; <a class=\"read-more\" href=\"http:\/\/nebuloschool.com\/hu\/about-us\/\">Read more <span class=\"screen-reader-text\">(English) About Us<\/span><\/a><\/p>\n","protected":false},"author":1,"featured_media":0,"parent":0,"menu_order":0,"comment_status":"closed","ping_status":"closed","template":"","meta":[],"_links":{"self":[{"href":"http:\/\/nebuloschool.com\/hu\/wp-json\/wp\/v2\/pages\/1094"}],"collection":[{"href":"http:\/\/nebuloschool.com\/hu\/wp-json\/wp\/v2\/pages"}],"about":[{"href":"http:\/\/nebuloschool.com\/hu\/wp-json\/wp\/v2\/types\/page"}],"author":[{"embeddable":true,"href":"http:\/\/nebuloschool.com\/hu\/wp-json\/wp\/v2\/users\/1"}],"replies":[{"embeddable":true,"href":"http:\/\/nebuloschool.com\/hu\/wp-json\/wp\/v2\/comments?post=1094"}],"version-history":[{"count":20,"href":"http:\/\/nebuloschool.com\/hu\/wp-json\/wp\/v2\/pages\/1094\/revisions"}],"predecessor-version":[{"id":1522,"href":"http:\/\/nebuloschool.com\/hu\/wp-json\/wp\/v2\/pages\/1094\/revisions\/1522"}],"wp:attachment":[{"href":"http:\/\/nebuloschool.com\/hu\/wp-json\/wp\/v2\/media?parent=1094"}],"curies":[{"name":"wp","href":"https:\/\/api.w.org\/{rel}","templated":true}]}}